{"id":3484,"date":"2026-02-03T05:23:34","date_gmt":"2026-02-03T05:23:34","guid":{"rendered":"https:\/\/www.bikeor.it\/?post_type=product&#038;p=3484"},"modified":"2026-03-31T20:19:27","modified_gmt":"2026-03-31T20:19:27","slug":"cube-attain-gtc-race","status":"publish","type":"product","link":"https:\/\/www.bikeor.it\/it\/prodotto\/cube-attain-gtc-race\/","title":{"rendered":"Cube Attain GTC Race"},"content":{"rendered":"<p>Prestazioni e comfort possono benissimo coesistere. E i partecipanti alle gare di endurance sanno bene che la comodit\u00e0 \u00e8 un grande vantaggio. Ecco perch\u00e9 l\u2019avanzata struttura in carbonio del telaio Attain GTC \u00e8 composta da foderi Aero Flex e da una forcella tutto carbonio, che contribuiscono a ridurre la fatica causata dagli urti e dalle vibrazioni della strada.<\/p>","protected":false},"excerpt":{"rendered":"<p data-start=\"0\" data-end=\"87\">La <strong data-start=\"3\" data-end=\"44\"><span class=\"hover:entity-accent entity-underline inline cursor-pointer align-baseline\"><span class=\"whitespace-normal\">Attain GTC<\/span><\/span><\/strong> \u00e8 una bici reattiva e scorrevole.<\/p>\n<p data-start=\"89\" data-end=\"320\" data-is-last-node=\"\" data-is-only-node=\"\">Il telaio in carbonio con foderi Aero Flex e forcella full carbon assorbe urti e vibrazioni, garantendo comfort e prestazioni elevate, ideale per affrontare lunghe distanze mantenendo velocit\u00e0 e fluidit\u00e0 su ogni percorso asfaltato.<\/p>","protected":false},"featured_media":3486,"comment_status":"open","ping_status":"closed","template":"","meta":[],"product_brand":[],"product_cat":[424],"product_tag":[],"new-rental-categories":[488,491,496],"bike-size":[469,472],"shop-categories":[],"excursions-categories":[],"class_list":{"0":"post-3484","1":"product","2":"type-product","3":"status-publish","4":"has-post-thumbnail","6":"product_cat-noleggio","7":"new-rental-categories-all-products","8":"new-rental-categories-bikes","9":"new-rental-categories-road","10":"bike-size-bike-size","11":"bike-size-m","13":"first","14":"instock","15":"shipping-taxable","16":"purchasable","17":"product-type-redq_rental"},"_links":{"self":[{"href":"https:\/\/www.bikeor.it\/it\/wp-json\/wp\/v2\/product\/3484","targetHints":{"allow":["GET"]}}],"collection":[{"href":"https:\/\/www.bikeor.it\/it\/wp-json\/wp\/v2\/product"}],"about":[{"href":"https:\/\/www.bikeor.it\/it\/wp-json\/wp\/v2\/types\/product"}],"replies":[{"embeddable":true,"href":"https:\/\/www.bikeor.it\/it\/wp-json\/wp\/v2\/comments?post=3484"}],"wp:featuredmedia":[{"embeddable":true,"href":"https:\/\/www.bikeor.it\/it\/wp-json\/wp\/v2\/media\/3486"}],"wp:attachment":[{"href":"https:\/\/www.bikeor.it\/it\/wp-json\/wp\/v2\/media?parent=3484"}],"wp:term":[{"taxonomy":"product_brand","embeddable":true,"href":"https:\/\/www.bikeor.it\/it\/wp-json\/wp\/v2\/product_brand?post=3484"},{"taxonomy":"product_cat","embeddable":true,"href":"https:\/\/www.bikeor.it\/it\/wp-json\/wp\/v2\/product_cat?post=3484"},{"taxonomy":"product_tag","embeddable":true,"href":"https:\/\/www.bikeor.it\/it\/wp-json\/wp\/v2\/product_tag?post=3484"},{"taxonomy":"new-rental-categories","embeddable":true,"href":"https:\/\/www.bikeor.it\/it\/wp-json\/wp\/v2\/new-rental-categories?post=3484"},{"taxonomy":"bike-size","embeddable":true,"href":"https:\/\/www.bikeor.it\/it\/wp-json\/wp\/v2\/bike-size?post=3484"},{"taxonomy":"shop-categories","embeddable":true,"href":"https:\/\/www.bikeor.it\/it\/wp-json\/wp\/v2\/shop-categories?post=3484"},{"taxonomy":"excursions-categories","embeddable":true,"href":"https:\/\/www.bikeor.it\/it\/wp-json\/wp\/v2\/excursions-categories?post=3484"}],"curies":[{"name":"wp","href":"https:\/\/api.w.org\/{rel}","templated":true}]}}