{"id":3511,"date":"2026-02-03T06:22:50","date_gmt":"2026-02-03T06:22:50","guid":{"rendered":"https:\/\/www.bikeor.it\/?post_type=product&#038;p=3511"},"modified":"2026-03-31T20:11:28","modified_gmt":"2026-03-31T20:11:28","slug":"kellys-arc-30","status":"publish","type":"product","link":"https:\/\/www.bikeor.it\/it\/prodotto\/kellys-arc-30\/","title":{"rendered":"Kellys Arc 30"},"content":{"rendered":"<p>Una bici da corsa in alluminio super leggero con forcella in carbonio, curata nel suo design e geometrie. Adatta per percorsi asfaltati.<\/p>","protected":false},"excerpt":{"rendered":"<p data-start=\"0\" data-end=\"111\">Bici da corsa in alluminio super leggero con forcella in carbonio, dal design curato e geometrie equilibrate.<\/p>\n<p data-start=\"113\" data-end=\"298\" data-is-last-node=\"\" data-is-only-node=\"\">Versatile e reattiva, \u00e8 perfetta per le nostre strade asfaltate: scattante nelle accelerazioni, stabile in velocit\u00e0 e ideale per affrontare ogni uscita con fluidit\u00e0 e divertimento.<\/p>","protected":false},"featured_media":3512,"comment_status":"open","ping_status":"closed","template":"","meta":[],"product_brand":[],"product_cat":[424],"product_tag":[],"new-rental-categories":[488,491,496],"bike-size":[469,472],"shop-categories":[],"excursions-categories":[],"class_list":{"0":"post-3511","1":"product","2":"type-product","3":"status-publish","4":"has-post-thumbnail","6":"product_cat-noleggio","7":"new-rental-categories-all-products","8":"new-rental-categories-bikes","9":"new-rental-categories-road","10":"bike-size-bike-size","11":"bike-size-m","13":"first","14":"instock","15":"shipping-taxable","16":"purchasable","17":"product-type-redq_rental"},"_links":{"self":[{"href":"https:\/\/www.bikeor.it\/it\/wp-json\/wp\/v2\/product\/3511","targetHints":{"allow":["GET"]}}],"collection":[{"href":"https:\/\/www.bikeor.it\/it\/wp-json\/wp\/v2\/product"}],"about":[{"href":"https:\/\/www.bikeor.it\/it\/wp-json\/wp\/v2\/types\/product"}],"replies":[{"embeddable":true,"href":"https:\/\/www.bikeor.it\/it\/wp-json\/wp\/v2\/comments?post=3511"}],"wp:featuredmedia":[{"embeddable":true,"href":"https:\/\/www.bikeor.it\/it\/wp-json\/wp\/v2\/media\/3512"}],"wp:attachment":[{"href":"https:\/\/www.bikeor.it\/it\/wp-json\/wp\/v2\/media?parent=3511"}],"wp:term":[{"taxonomy":"product_brand","embeddable":true,"href":"https:\/\/www.bikeor.it\/it\/wp-json\/wp\/v2\/product_brand?post=3511"},{"taxonomy":"product_cat","embeddable":true,"href":"https:\/\/www.bikeor.it\/it\/wp-json\/wp\/v2\/product_cat?post=3511"},{"taxonomy":"product_tag","embeddable":true,"href":"https:\/\/www.bikeor.it\/it\/wp-json\/wp\/v2\/product_tag?post=3511"},{"taxonomy":"new-rental-categories","embeddable":true,"href":"https:\/\/www.bikeor.it\/it\/wp-json\/wp\/v2\/new-rental-categories?post=3511"},{"taxonomy":"bike-size","embeddable":true,"href":"https:\/\/www.bikeor.it\/it\/wp-json\/wp\/v2\/bike-size?post=3511"},{"taxonomy":"shop-categories","embeddable":true,"href":"https:\/\/www.bikeor.it\/it\/wp-json\/wp\/v2\/shop-categories?post=3511"},{"taxonomy":"excursions-categories","embeddable":true,"href":"https:\/\/www.bikeor.it\/it\/wp-json\/wp\/v2\/excursions-categories?post=3511"}],"curies":[{"name":"wp","href":"https:\/\/api.w.org\/{rel}","templated":true}]}}