{"id":3514,"date":"2026-02-03T06:36:04","date_gmt":"2026-02-03T06:36:04","guid":{"rendered":"https:\/\/www.bikeor.it\/?post_type=product&#038;p=3514"},"modified":"2026-03-31T20:09:47","modified_gmt":"2026-03-31T20:09:47","slug":"kellys-spider-70-gold-29%e2%80%b3","status":"publish","type":"product","link":"https:\/\/www.bikeor.it\/it\/prodotto\/kellys-spider-70-gold-29%e2%80%b3\/","title":{"rendered":"Kellys Spider 70 Gold 29\u2033"},"content":{"rendered":"<p>Funzionale e scorrevole, adatta per sterrati ed asfalti. Con le sue ruote da 29\u2033 la pedalata risulter\u00e0 pi\u00f9 dinamica e permetter\u00e0 al biker di percorrere lunghe distanze con poco sforzo.<\/p>","protected":false},"excerpt":{"rendered":"<p data-start=\"0\" data-end=\"138\">Funzionale, scorrevole e pronta a tutto, questa MTB 29\u201d \u00e8 la pi\u00f9 versatile del parco bici di <span class=\"hover:entity-accent entity-underline inline cursor-pointer align-baseline\"><span class=\"whitespace-normal\">Bike Or.<\/span><\/span><\/p>\n<p data-start=\"140\" data-end=\"320\" data-is-last-node=\"\" data-is-only-node=\"\">Perfetta su sterrati e asfalti, grazie alle ruote da 29\u2033 offre una pedalata dinamica e fluida, ideale per affrontare lunghe distanze con il minimo sforzo e il massimo divertimento.<\/p>","protected":false},"featured_media":3517,"template":"","meta":[],"product_brand":[],"product_cat":[424],"product_tag":[],"new-rental-categories":[488,491,494],"bike-size":[469,473,472],"shop-categories":[],"excursions-categories":[],"class_list":{"0":"post-3514","1":"product","2":"type-product","3":"status-publish","4":"has-post-thumbnail","6":"product_cat-noleggio","7":"new-rental-categories-all-products","8":"new-rental-categories-bikes","9":"new-rental-categories-mtb","10":"bike-size-bike-size","11":"bike-size-l","12":"bike-size-m","14":"first","15":"instock","16":"shipping-taxable","17":"purchasable","18":"product-type-redq_rental"},"_links":{"self":[{"href":"https:\/\/www.bikeor.it\/it\/wp-json\/wp\/v2\/product\/3514","targetHints":{"allow":["GET"]}}],"collection":[{"href":"https:\/\/www.bikeor.it\/it\/wp-json\/wp\/v2\/product"}],"about":[{"href":"https:\/\/www.bikeor.it\/it\/wp-json\/wp\/v2\/types\/product"}],"wp:featuredmedia":[{"embeddable":true,"href":"https:\/\/www.bikeor.it\/it\/wp-json\/wp\/v2\/media\/3517"}],"wp:attachment":[{"href":"https:\/\/www.bikeor.it\/it\/wp-json\/wp\/v2\/media?parent=3514"}],"wp:term":[{"taxonomy":"product_brand","embeddable":true,"href":"https:\/\/www.bikeor.it\/it\/wp-json\/wp\/v2\/product_brand?post=3514"},{"taxonomy":"product_cat","embeddable":true,"href":"https:\/\/www.bikeor.it\/it\/wp-json\/wp\/v2\/product_cat?post=3514"},{"taxonomy":"product_tag","embeddable":true,"href":"https:\/\/www.bikeor.it\/it\/wp-json\/wp\/v2\/product_tag?post=3514"},{"taxonomy":"new-rental-categories","embeddable":true,"href":"https:\/\/www.bikeor.it\/it\/wp-json\/wp\/v2\/new-rental-categories?post=3514"},{"taxonomy":"bike-size","embeddable":true,"href":"https:\/\/www.bikeor.it\/it\/wp-json\/wp\/v2\/bike-size?post=3514"},{"taxonomy":"shop-categories","embeddable":true,"href":"https:\/\/www.bikeor.it\/it\/wp-json\/wp\/v2\/shop-categories?post=3514"},{"taxonomy":"excursions-categories","embeddable":true,"href":"https:\/\/www.bikeor.it\/it\/wp-json\/wp\/v2\/excursions-categories?post=3514"}],"curies":[{"name":"wp","href":"https:\/\/api.w.org\/{rel}","templated":true}]}}