{"id":3544,"date":"2026-02-03T08:54:47","date_gmt":"2026-02-03T08:54:47","guid":{"rendered":"https:\/\/www.bikeor.it\/?post_type=product&#038;p=3544"},"modified":"2026-03-31T20:01:00","modified_gmt":"2026-03-31T20:01:00","slug":"scott-scale-240","status":"publish","type":"product","link":"https:\/\/www.bikeor.it\/it\/prodotto\/scott-scale-240\/","title":{"rendered":"Scott Scale 240"},"content":{"rendered":"<p>La\u00a0<strong>Scott Scale 240<\/strong> \u00e8 una mountain bike hardtail di alta qualit\u00e0, progettata per affrontare terreni difficili con agilit\u00e0 e precisione. Fa parte della serie Scott Scale, famosa per la sua leggerezza e rigidit\u00e0, ideale per i ciclisti che cercano velocit\u00e0 e performance su percorsi tecnici e Trail di media difficolt\u00e0. La 240 \u00e8 una versione pensata per i giovani o per chi ha un\u2019altezza media, dotata di una geometria bilanciata che consente una buona manovrabilit\u00e0. Il telaio in alluminio \u00e8 robusto, ma comunque abbastanza leggero per garantire una guida reattiva. \u00c8 dotata di una forcella con escursione moderata, in grado di assorbire le asperit\u00e0 del terreno, e di componenti Shimano per assicurare cambiata precisa e fluida. \u00c8 una bici ideale per chi vuole un prodotto versatile, prestazionale e durevole.<\/p>","protected":false},"excerpt":{"rendered":"<div class=\"flex flex-col text-sm\">\n<article class=\"text-token-text-primary w-full focus:outline-none [--shadow-height:45px] has-data-writing-block:pointer-events-none has-data-writing-block:-mt-(--shadow-height) has-data-writing-block:pt-(--shadow-height) [&amp;:has([data-writing-block])&gt;*]:pointer-events-auto scroll-mt-[calc(var(--header-height)+min(200px,max(70px,20svh)))]\" dir=\"auto\" tabindex=\"-1\" data-turn-id=\"request-WEB:8be543db-d71a-4acc-8bec-1e93ca8ca346-5\" data-testid=\"conversation-turn-12\" data-scroll-anchor=\"true\" data-turn=\"assistant\">\n<div class=\"text-base my-auto mx-auto pb-10 [--thread-content-margin:--spacing(4)] @w-sm\/main:[--thread-content-margin:--spacing(6)] @w-lg\/main:[--thread-content-margin:--spacing(16)] px-(--thread-content-margin)\">\n<div class=\"[--thread-content-max-width:40rem] @w-lg\/main:[--thread-content-max-width:48rem] mx-auto max-w-(--thread-content-max-width) flex-1 group\/turn-messages focus-visible:outline-hidden relative flex w-full min-w-0 flex-col agent-turn\" tabindex=\"-1\">\n<div class=\"flex max-w-full flex-col grow\">\n<div class=\"min-h-8 text-message relative flex w-full flex-col items-end gap-2 text-start break-words whitespace-normal [.text-message+&amp;]:mt-1\" dir=\"auto\" data-message-author-role=\"assistant\" data-message-id=\"fa72fc0c-31ce-4dd2-b83c-f504dc57f0be\" data-message-model-slug=\"gpt-5-2\">\n<div class=\"flex w-full flex-col gap-1 empty:hidden first:pt-[1px]\">\n<div class=\"markdown prose dark:prose-invert w-full wrap-break-word light markdown-new-styling\">\n<p data-start=\"0\" data-end=\"94\">La <strong data-start=\"3\" data-end=\"22\">Scott Scale 240<\/strong> \u00e8 la mountain bike perfetta per un\u2019uscita di famiglia al mare o in montagna.<\/p>\n<p data-start=\"96\" data-end=\"316\" data-is-last-node=\"\" data-is-only-node=\"\">Leggera, maneggevole e resistente, garantisce una pedalata fluida su piste ciclabili, sterrati e strade costiere, offrendo comfort e sicurezza anche ai pi\u00f9 giovani per una giornata all\u2019aria aperta in totale divertimento.<\/p>\n<\/div>\n<\/div>\n<\/div>\n<\/div>\n<div class=\"z-0 flex min-h-[46px] justify-start\"><\/div>\n<\/div>\n<\/div>\n<\/article>\n<\/div>\n<div class=\"pointer-events-none h-px w-px absolute bottom-0\" aria-hidden=\"true\" data-edge=\"true\"><\/div>\n","protected":false},"featured_media":3545,"comment_status":"open","ping_status":"closed","template":"","meta":[],"product_brand":[],"product_cat":[424],"product_tag":[],"new-rental-categories":[488,491,495],"bike-size":[469,470],"shop-categories":[],"excursions-categories":[],"class_list":{"0":"post-3544","1":"product","2":"type-product","3":"status-publish","4":"has-post-thumbnail","6":"product_cat-noleggio","7":"new-rental-categories-all-products","8":"new-rental-categories-bikes","9":"new-rental-categories-mtb-kids","10":"bike-size-bike-size","11":"bike-size-xs","13":"first","14":"instock","15":"shipping-taxable","16":"purchasable","17":"product-type-redq_rental"},"_links":{"self":[{"href":"https:\/\/www.bikeor.it\/it\/wp-json\/wp\/v2\/product\/3544","targetHints":{"allow":["GET"]}}],"collection":[{"href":"https:\/\/www.bikeor.it\/it\/wp-json\/wp\/v2\/product"}],"about":[{"href":"https:\/\/www.bikeor.it\/it\/wp-json\/wp\/v2\/types\/product"}],"replies":[{"embeddable":true,"href":"https:\/\/www.bikeor.it\/it\/wp-json\/wp\/v2\/comments?post=3544"}],"wp:featuredmedia":[{"embeddable":true,"href":"https:\/\/www.bikeor.it\/it\/wp-json\/wp\/v2\/media\/3545"}],"wp:attachment":[{"href":"https:\/\/www.bikeor.it\/it\/wp-json\/wp\/v2\/media?parent=3544"}],"wp:term":[{"taxonomy":"product_brand","embeddable":true,"href":"https:\/\/www.bikeor.it\/it\/wp-json\/wp\/v2\/product_brand?post=3544"},{"taxonomy":"product_cat","embeddable":true,"href":"https:\/\/www.bikeor.it\/it\/wp-json\/wp\/v2\/product_cat?post=3544"},{"taxonomy":"product_tag","embeddable":true,"href":"https:\/\/www.bikeor.it\/it\/wp-json\/wp\/v2\/product_tag?post=3544"},{"taxonomy":"new-rental-categories","embeddable":true,"href":"https:\/\/www.bikeor.it\/it\/wp-json\/wp\/v2\/new-rental-categories?post=3544"},{"taxonomy":"bike-size","embeddable":true,"href":"https:\/\/www.bikeor.it\/it\/wp-json\/wp\/v2\/bike-size?post=3544"},{"taxonomy":"shop-categories","embeddable":true,"href":"https:\/\/www.bikeor.it\/it\/wp-json\/wp\/v2\/shop-categories?post=3544"},{"taxonomy":"excursions-categories","embeddable":true,"href":"https:\/\/www.bikeor.it\/it\/wp-json\/wp\/v2\/excursions-categories?post=3544"}],"curies":[{"name":"wp","href":"https:\/\/api.w.org\/{rel}","templated":true}]}}