{"id":4103,"date":"2026-02-17T09:02:06","date_gmt":"2026-02-17T09:02:06","guid":{"rendered":"https:\/\/www.bikeor.it\/?post_type=product&#038;p=4103"},"modified":"2026-03-29T16:24:14","modified_gmt":"2026-03-29T16:24:14","slug":"tour-tharros-sinis","status":"publish","type":"product","link":"https:\/\/www.bikeor.it\/it\/prodotto\/tour-tharros-sinis\/","title":{"rendered":"Tour Tharros-Sinis"},"content":{"rendered":"<p><strong><span dir=\"auto\"><span dir=\"auto\" style=\"vertical-align: inherit;\"><span dir=\"auto\" style=\"vertical-align: inherit;\"><span dir=\"auto\" style=\"vertical-align: inherit;\"><span dir=\"auto\" style=\"vertical-align: inherit;\">Le Tappe del Tour<\/span><\/span><\/span><\/span><\/span><\/strong><\/p>\n<p><strong><span dir=\"auto\"><span dir=\"auto\" style=\"vertical-align: inherit;\"><span dir=\"auto\" style=\"vertical-align: inherit;\"><span dir=\"auto\" style=\"vertical-align: inherit;\"><span dir=\"auto\" style=\"vertical-align: inherit;\">Caletta di Tharros<\/span><\/span><\/span><\/span><\/span><\/strong><\/p>\n<p><span dir=\"auto\"><span dir=\"auto\" style=\"vertical-align: inherit;\"><span dir=\"auto\" style=\"vertical-align: inherit;\"><span dir=\"auto\" style=\"vertical-align: inherit;\"><span dir=\"auto\" style=\"vertical-align: inherit;\">Prima sosta ai piedi dell\u2019antica citt\u00e0 fenicia di Tharros, sotto la Torre di San Giovanni.<\/span><\/span><\/span><\/span><\/span><\/p>\n<p><span dir=\"auto\"><span dir=\"auto\" style=\"vertical-align: inherit;\"><span dir=\"auto\" style=\"vertical-align: inherit;\"><span dir=\"auto\" style=\"vertical-align: inherit;\"><span dir=\"auto\" style=\"vertical-align: inherit;\">Una baia incantevole, acque trasparenti e scorci unici sul promontorio di Capo San Marco: il luogo perfetto per un primo bagno rigenerante e qualche foto panoramica.<\/span><\/span><\/span><\/span><\/span><\/p>\n<p><strong><span dir=\"auto\"><span dir=\"auto\" style=\"vertical-align: inherit;\"><span dir=\"auto\" style=\"vertical-align: inherit;\"><span dir=\"auto\" style=\"vertical-align: inherit;\"><span dir=\"auto\" style=\"vertical-align: inherit;\"><span dir=\"auto\" style=\"vertical-align: inherit;\"><span dir=\"auto\" style=\"vertical-align: inherit;\">Relitto di Seu<\/span><\/span><\/span><\/span><\/span><\/span><\/span><\/strong><\/p>\n<p><span dir=\"auto\"><span dir=\"auto\" style=\"vertical-align: inherit;\"><span dir=\"auto\" style=\"vertical-align: inherit;\"><span dir=\"auto\" style=\"vertical-align: inherit;\"><span dir=\"auto\" style=\"vertical-align: inherit;\">Seconda sosta verso nord per ammirare il suggestivo Relitto di Seu, immerso nelle acque turchesi dell\u2019Area Marina Protetta del Sinis.<\/span><\/span><\/span><\/span><\/span><\/p>\n<p><span dir=\"auto\"><span dir=\"auto\" style=\"vertical-align: inherit;\"><span dir=\"auto\" style=\"vertical-align: inherit;\"><span dir=\"auto\" style=\"vertical-align: inherit;\"><span dir=\"auto\" style=\"vertical-align: inherit;\">Un punto perfetto per lo snorkeling, tra banchi di pesci, sabbia chiara e fondali ricchi di storia.<\/span><\/span><\/span><\/span><\/span><\/p>\n<p><strong><span dir=\"auto\"><span dir=\"auto\" style=\"vertical-align: inherit;\"><span dir=\"auto\" style=\"vertical-align: inherit;\"><span dir=\"auto\" style=\"vertical-align: inherit;\"><span dir=\"auto\" style=\"vertical-align: inherit;\"><span dir=\"auto\" style=\"vertical-align: inherit;\"><span dir=\"auto\" style=\"vertical-align: inherit;\">Seu Coast and Capo San Marco<\/span><\/span><\/span><\/span><\/span><\/span><\/span><\/strong><\/p>\n<p><span dir=\"auto\"><span dir=\"auto\" style=\"vertical-align: inherit;\"><span dir=\"auto\" style=\"vertical-align: inherit;\"><span dir=\"auto\" style=\"vertical-align: inherit;\"><span dir=\"auto\" style=\"vertical-align: inherit;\">Navigando lungo la costa di Seu il paesaggio si fa pi\u00f9 selvaggio: scogliere bianche, calette nascoste e profumo di macchia mediterranea.<\/span><\/span><\/span><\/span><\/span><\/p>\n<p><span dir=\"auto\"><span dir=\"auto\" style=\"vertical-align: inherit;\"><span dir=\"auto\" style=\"vertical-align: inherit;\"><span dir=\"auto\" style=\"vertical-align: inherit;\"><span dir=\"auto\" style=\"vertical-align: inherit;\">Questo tratto regala il vero spirito del Sinis, con viste spettacolari e acque che cambiano colore a ogni miglio.<\/span><\/span><\/span><\/span><\/span><\/p>\n<p><strong><span dir=\"auto\"><span dir=\"auto\" style=\"vertical-align: inherit;\"><span dir=\"auto\" style=\"vertical-align: inherit;\"><span dir=\"auto\" style=\"vertical-align: inherit;\"><span dir=\"auto\" style=\"vertical-align: inherit;\">Aperitime sardo in mare<\/span><\/span><\/span><\/span><\/span><\/strong><\/p>\n<p><span dir=\"auto\"><span dir=\"auto\" style=\"vertical-align: inherit;\"><span dir=\"auto\" style=\"vertical-align: inherit;\"><span dir=\"auto\" style=\"vertical-align: inherit;\"><span dir=\"auto\" style=\"vertical-align: inherit;\">A met\u00e0 mattina, sosta rilassante in una piccola baia riparata per un aperitivo tipico sardo a bordo.<\/span><\/span><\/span><\/span><\/span><\/p>\n<p><span dir=\"auto\"><span dir=\"auto\" style=\"vertical-align: inherit;\"><span dir=\"auto\" style=\"vertical-align: inherit;\"><span dir=\"auto\" style=\"vertical-align: inherit;\"><span dir=\"auto\" style=\"vertical-align: inherit;\">Degustazione di una selezione di prodotti locali \u2014 formaggi del Montiferru, salumi artigianali, pane carasau e un calice di vernaccia di Oristano \u2014 accompagnati dal suono del mare e dalla brezza salata.<\/span><\/span><\/span><\/span><\/span><\/p>\n<p><span dir=\"auto\"><span dir=\"auto\" style=\"vertical-align: inherit;\"><span dir=\"auto\" style=\"vertical-align: inherit;\"><span dir=\"auto\" style=\"vertical-align: inherit;\"><span dir=\"auto\" style=\"vertical-align: inherit;\">Un momento autentico, semplice e indimenticabile.<\/span><\/span><\/span><\/span><\/span><\/p>\n<p><strong><span dir=\"auto\"><span dir=\"auto\" style=\"vertical-align: inherit;\"><span dir=\"auto\" style=\"vertical-align: inherit;\"><span dir=\"auto\" style=\"vertical-align: inherit;\"><span dir=\"auto\" style=\"vertical-align: inherit;\"><span dir=\"auto\" style=\"vertical-align: inherit;\"><span dir=\"auto\" style=\"vertical-align: inherit;\"><span dir=\"auto\" style=\"vertical-align: inherit;\"><span dir=\"auto\" style=\"vertical-align: inherit;\">Mari Ermi<\/span><\/span><\/span><\/span><\/span><\/span><\/span><\/span><\/span><\/strong><strong>\u00a0<\/strong><\/p>\n<p><span dir=\"auto\"><span dir=\"auto\" style=\"vertical-align: inherit;\"><span dir=\"auto\" style=\"vertical-align: inherit;\"><span dir=\"auto\" style=\"vertical-align: inherit;\"><span dir=\"auto\" style=\"vertical-align: inherit;\">Ultima tappa nella celebre spiaggia di Mari Ermi, con la sua sabbia di quarzo bianco e le sfumature di azzurro che lasciano senza parole.<\/span><\/span><\/span><\/span><\/span><\/p>\n<p><span dir=\"auto\"><span dir=\"auto\" style=\"vertical-align: inherit;\"><span dir=\"auto\" style=\"vertical-align: inherit;\"><span dir=\"auto\" style=\"vertical-align: inherit;\"><span dir=\"auto\" style=\"vertical-align: inherit;\">Tempo libero per un bagno, relax e fotografie in uno dei luoghi pi\u00f9 iconici del Sinis.<\/span><\/span><\/span><\/span><\/span><\/p>\n<p><strong><span dir=\"auto\"><span dir=\"auto\" style=\"vertical-align: inherit;\"><span dir=\"auto\" style=\"vertical-align: inherit;\"><span dir=\"auto\" style=\"vertical-align: inherit;\"><span dir=\"auto\" style=\"vertical-align: inherit;\">Rientro<\/span><\/span><\/span><\/span><\/span><\/strong><\/p>\n<p><span dir=\"auto\"><span dir=\"auto\" style=\"vertical-align: inherit;\"><span dir=\"auto\" style=\"vertical-align: inherit;\"><span dir=\"auto\" style=\"vertical-align: inherit;\"><span dir=\"auto\" style=\"vertical-align: inherit;\">Navigazione costiera verso Torregrande a fine mattinata.<\/span><\/span><\/span><\/span><\/span><\/p>\n<p><span dir=\"auto\"><span dir=\"auto\" style=\"vertical-align: inherit;\"><span dir=\"auto\" style=\"vertical-align: inherit;\"><span dir=\"auto\" style=\"vertical-align: inherit;\"><span dir=\"auto\" style=\"vertical-align: inherit;\">Un rientro lento e suggestivo per chiudere la mattina nel modo pi\u00f9 emozionante possibile.<\/span><\/span><\/span><\/span><\/span><\/p>\n<p>&nbsp;<\/p>\n<p><strong><span dir=\"auto\"><span dir=\"auto\" style=\"vertical-align: inherit;\"><span dir=\"auto\" style=\"vertical-align: inherit;\"><span dir=\"auto\" style=\"vertical-align: inherit;\"><span dir=\"auto\" style=\"vertical-align: inherit;\">Consigli utili<\/span><\/span><\/span><\/span><\/span><\/strong><\/p>\n<ul>\n<li><span dir=\"auto\"><span dir=\"auto\" style=\"vertical-align: inherit;\"><span dir=\"auto\" style=\"vertical-align: inherit;\"><span dir=\"auto\" style=\"vertical-align: inherit;\"><span dir=\"auto\" style=\"vertical-align: inherit;\">Porta costume, maschera e crema solare.<\/span><\/span><\/span><\/span><\/span><\/li>\n<li><span dir=\"auto\"><span dir=\"auto\" style=\"vertical-align: inherit;\"><span dir=\"auto\" style=\"vertical-align: inherit;\"><span dir=\"auto\" style=\"vertical-align: inherit;\"><span dir=\"auto\" style=\"vertical-align: inherit;\">L\u2019aperitivo pu\u00f2 essere personalizzato su richiesta (vegano, vegetariano o gluten free).<\/span><\/span><\/span><\/span><\/span><\/li>\n<li><span dir=\"auto\"><span dir=\"auto\" style=\"vertical-align: inherit;\"><span dir=\"auto\" style=\"vertical-align: inherit;\"><span dir=\"auto\" style=\"vertical-align: inherit;\"><span dir=\"auto\" style=\"vertical-align: inherit;\">Escursione adatta a coppie, famiglie e piccoli gruppi (max 6 persone). In alternativa per gruppi pi\u00f9 numerosi, c\u2019\u00e8 la possibilit\u00e0 di noleggiare un gommone di grandi dimensioni che pu\u00f2 ospitare max 12 persone compreso il conducente.<\/span><\/span><\/span><\/span><\/span><\/li>\n<\/ul>\n<p><span dir=\"auto\"><span dir=\"auto\" style=\"vertical-align: inherit;\"><span dir=\"auto\" style=\"vertical-align: inherit;\"><span dir=\"auto\" style=\"vertical-align: inherit;\"><span dir=\"auto\" style=\"vertical-align: inherit;\">Escursione in lingua italiana\/inglese<\/span><\/span><\/span><\/span><\/span><\/p>","protected":false},"excerpt":{"rendered":"<p><span dir=\"auto\"><span dir=\"auto\" style=\"vertical-align: inherit;\"><span dir=\"auto\" style=\"vertical-align: inherit;\"><span dir=\"auto\" style=\"vertical-align: inherit;\"><span dir=\"auto\" style=\"vertical-align: inherit;\">Un viaggio attraverso la storia, il mare e i sapori autentici.<\/span><\/span><\/span><\/span><\/span><\/p>\n<p><span dir=\"auto\"><span dir=\"auto\" style=\"vertical-align: inherit;\"><span dir=\"auto\" style=\"vertical-align: inherit;\"><span dir=\"auto\" style=\"vertical-align: inherit;\"><span dir=\"auto\" style=\"vertical-align: inherit;\">Goditi un'esperienza unica lungo la Costa di Sinis, tra rovine antiche, mare cristallino e tradizioni locali.<\/span><\/span><\/span><\/span><\/span><\/p>\n<p><span dir=\"auto\"><span dir=\"auto\" style=\"vertical-align: inherit;\"><span dir=\"auto\" style=\"vertical-align: inherit;\"><span dir=\"auto\" style=\"vertical-align: inherit;\"><span dir=\"auto\" style=\"vertical-align: inherit;\">In un solo giorno, puoi nuotare in calette segrete, scoprire relitti sommersi e assaporare i prodotti tipici sardi con vista sul mare.<\/span><\/span><\/span><\/span><\/span><\/p>","protected":false},"featured_media":4104,"comment_status":"open","ping_status":"closed","template":"","meta":[],"product_brand":[],"product_cat":[15],"product_tag":[],"new-rental-categories":[],"bike-size":[],"shop-categories":[],"excursions-categories":[371,421],"class_list":{"0":"post-4103","1":"product","2":"type-product","3":"status-publish","4":"has-post-thumbnail","6":"product_cat-tour","7":"excursions-categories-tour","8":"excursions-categories-touringommone","10":"first","11":"instock","12":"shipping-taxable","13":"purchasable","14":"product-type-redq_rental"},"_links":{"self":[{"href":"https:\/\/www.bikeor.it\/it\/wp-json\/wp\/v2\/product\/4103","targetHints":{"allow":["GET"]}}],"collection":[{"href":"https:\/\/www.bikeor.it\/it\/wp-json\/wp\/v2\/product"}],"about":[{"href":"https:\/\/www.bikeor.it\/it\/wp-json\/wp\/v2\/types\/product"}],"replies":[{"embeddable":true,"href":"https:\/\/www.bikeor.it\/it\/wp-json\/wp\/v2\/comments?post=4103"}],"wp:featuredmedia":[{"embeddable":true,"href":"https:\/\/www.bikeor.it\/it\/wp-json\/wp\/v2\/media\/4104"}],"wp:attachment":[{"href":"https:\/\/www.bikeor.it\/it\/wp-json\/wp\/v2\/media?parent=4103"}],"wp:term":[{"taxonomy":"product_brand","embeddable":true,"href":"https:\/\/www.bikeor.it\/it\/wp-json\/wp\/v2\/product_brand?post=4103"},{"taxonomy":"product_cat","embeddable":true,"href":"https:\/\/www.bikeor.it\/it\/wp-json\/wp\/v2\/product_cat?post=4103"},{"taxonomy":"product_tag","embeddable":true,"href":"https:\/\/www.bikeor.it\/it\/wp-json\/wp\/v2\/product_tag?post=4103"},{"taxonomy":"new-rental-categories","embeddable":true,"href":"https:\/\/www.bikeor.it\/it\/wp-json\/wp\/v2\/new-rental-categories?post=4103"},{"taxonomy":"bike-size","embeddable":true,"href":"https:\/\/www.bikeor.it\/it\/wp-json\/wp\/v2\/bike-size?post=4103"},{"taxonomy":"shop-categories","embeddable":true,"href":"https:\/\/www.bikeor.it\/it\/wp-json\/wp\/v2\/shop-categories?post=4103"},{"taxonomy":"excursions-categories","embeddable":true,"href":"https:\/\/www.bikeor.it\/it\/wp-json\/wp\/v2\/excursions-categories?post=4103"}],"curies":[{"name":"wp","href":"https:\/\/api.w.org\/{rel}","templated":true}]}}