{"id":4284,"date":"2026-03-08T08:59:27","date_gmt":"2026-03-08T08:59:27","guid":{"rendered":"https:\/\/www.bikeor.it\/?post_type=product&#038;p=4284"},"modified":"2026-03-31T19:54:19","modified_gmt":"2026-03-31T19:54:19","slug":"kellys-spider-70-black-29%e2%80%b3-2","status":"publish","type":"product","link":"https:\/\/www.bikeor.it\/it\/prodotto\/kellys-spider-70-black-29%e2%80%b3-2\/","title":{"rendered":"Kellys Spider 70 Black 29\u2033"},"content":{"rendered":"<p><span dir=\"auto\" style=\"vertical-align: inherit;\"><span dir=\"auto\" style=\"vertical-align: inherit;\">Funzionale e scorrevole, adatta a strade sterrate e asfaltate. Con le sue ruote da 29\u2033, la pedalata sar\u00e0 pi\u00f9 dinamica e permetter\u00e0 al ciclista di coprire lunghe distanze con poco sforzo.<\/span><\/span><\/p>","protected":false},"excerpt":{"rendered":"<p data-start=\"0\" data-end=\"138\"><span dir=\"auto\" style=\"vertical-align: inherit;\"><span dir=\"auto\" style=\"vertical-align: inherit;\">Funzionale, scorrevole e pronta a tutto, questa MTB da 29\u201d \u00e8 la pi\u00f9 versatile della categoria <\/span><\/span><span class=\"hover:entity-accent entity-underline inline cursor-pointer align-baseline\"><span class=\"whitespace-normal\"><span dir=\"auto\" style=\"vertical-align: inherit;\"><span dir=\"auto\" style=\"vertical-align: inherit;\">del parco Bici di Bike Or.<\/span><\/span><\/span><\/span><\/p>\n<p data-start=\"140\" data-end=\"320\" data-is-last-node=\"\" data-is-only-node=\"\"><span dir=\"auto\" style=\"vertical-align: inherit;\"><span dir=\"auto\" style=\"vertical-align: inherit;\">Perfetta su strade sterrate e asfalto, grazie alle sue ruote da 29\u2033 offre una guida dinamica e fluida, ideale per affrontare lunghe distanze con il minimo sforzo e il massimo divertimento.<\/span><\/span><\/p>","protected":false},"featured_media":3515,"comment_status":"open","ping_status":"closed","template":"","meta":[],"product_brand":[],"product_cat":[424],"product_tag":[],"new-rental-categories":[488,491,494],"bike-size":[469,472,471],"shop-categories":[],"excursions-categories":[],"class_list":{"0":"post-4284","1":"product","2":"type-product","3":"status-publish","4":"has-post-thumbnail","6":"product_cat-noleggio","7":"new-rental-categories-all-products","8":"new-rental-categories-bikes","9":"new-rental-categories-mtb","10":"bike-size-bike-size","11":"bike-size-m","12":"bike-size-s","14":"first","15":"instock","16":"shipping-taxable","17":"purchasable","18":"product-type-redq_rental"},"_links":{"self":[{"href":"https:\/\/www.bikeor.it\/it\/wp-json\/wp\/v2\/product\/4284","targetHints":{"allow":["GET"]}}],"collection":[{"href":"https:\/\/www.bikeor.it\/it\/wp-json\/wp\/v2\/product"}],"about":[{"href":"https:\/\/www.bikeor.it\/it\/wp-json\/wp\/v2\/types\/product"}],"replies":[{"embeddable":true,"href":"https:\/\/www.bikeor.it\/it\/wp-json\/wp\/v2\/comments?post=4284"}],"wp:featuredmedia":[{"embeddable":true,"href":"https:\/\/www.bikeor.it\/it\/wp-json\/wp\/v2\/media\/3515"}],"wp:attachment":[{"href":"https:\/\/www.bikeor.it\/it\/wp-json\/wp\/v2\/media?parent=4284"}],"wp:term":[{"taxonomy":"product_brand","embeddable":true,"href":"https:\/\/www.bikeor.it\/it\/wp-json\/wp\/v2\/product_brand?post=4284"},{"taxonomy":"product_cat","embeddable":true,"href":"https:\/\/www.bikeor.it\/it\/wp-json\/wp\/v2\/product_cat?post=4284"},{"taxonomy":"product_tag","embeddable":true,"href":"https:\/\/www.bikeor.it\/it\/wp-json\/wp\/v2\/product_tag?post=4284"},{"taxonomy":"new-rental-categories","embeddable":true,"href":"https:\/\/www.bikeor.it\/it\/wp-json\/wp\/v2\/new-rental-categories?post=4284"},{"taxonomy":"bike-size","embeddable":true,"href":"https:\/\/www.bikeor.it\/it\/wp-json\/wp\/v2\/bike-size?post=4284"},{"taxonomy":"shop-categories","embeddable":true,"href":"https:\/\/www.bikeor.it\/it\/wp-json\/wp\/v2\/shop-categories?post=4284"},{"taxonomy":"excursions-categories","embeddable":true,"href":"https:\/\/www.bikeor.it\/it\/wp-json\/wp\/v2\/excursions-categories?post=4284"}],"curies":[{"name":"wp","href":"https:\/\/api.w.org\/{rel}","templated":true}]}}